{"id":340,"date":"2017-08-02T05:49:13","date_gmt":"2017-08-02T05:49:13","guid":{"rendered":"http:\/\/www.caracterstudio.com\/v1\/?page_id=340"},"modified":"2017-08-09T05:53:19","modified_gmt":"2017-08-09T05:53:19","slug":"social-media-manager","status":"publish","type":"page","link":"https:\/\/www.caracterstudio.com\/v1\/social-media-manager\/","title":{"rendered":"Social Media Manager"},"content":{"rendered":"<p>[vc_row container_class=\u00bbcontainer\u00bb][vc_column offset=\u00bbvc_col-lg-6 vc_col-md-6 vc_col-xs-12&#8243;][vc_single_image image=\u00bb405&#8243; img_size=\u00bbfull\u00bb alignment=\u00bbcenter\u00bb][\/vc_column][vc_column offset=\u00bbvc_col-lg-6 vc_col-md-6 vc_col-xs-12&#8243;]<div class=\"ts-section-title  vc_custom_1502257939496 text-left\" style=\"color:#737373\">\r\n\t\t\t\t<h2 style=\"color:#252525;font-size:30px;\">Manejo de Redes Sociales<\/h2><p>En Caracter Studio te hacemos un an\u00e1lisis de tu integraci\u00f3n en Redes Sociales sin ning\u00fan compromiso. Contacta con nosotros y descubre las ventajas de las Redes Sociales para tu empresa.<\/p>\n<\/div><div class=\"ts-section-title  text-left\" style=\"color:#737373\">\r\n\t\t\t\t<h2 style=\"color:#252525;font-size:30px;\">Plan estrat\u00e9gico de Social Media<\/h2><p>Los objetivos del Social Media Marketing depender\u00e1n de la visi\u00f3n y organizaci\u00f3n de la empresa. En la mayor\u00eda de los casos, todas o casi todas tienen como objetivo el Marketing viral como base para el posicionamiento de marca, incremento de la visibilidad, promover ventas o la transmisi\u00f3n de nuevas ideas y conceptos al mercado para conseguir finalmente el objetivo m\u00e1s deseado: el aumento de las ventas, ya sea un producto, conseguir m\u00e1s seguidores en un blog, etc.<\/p>\n<p>Un aspecto a tener en cuenta en esta manera de hacer marketing es que los resultados no son inmediatos. Se necesita tiempo para preparar todo el plan Social Media, que requiere un plan de comunicaci\u00f3n y una estrategia de marketing digital enfocada a los medios sociales.<\/p>\n<\/div>[\/vc_column][\/vc_row]<\/p>\n","protected":false},"excerpt":{"rendered":"<p>[vc_row container_class=\u00bbcontainer\u00bb][vc_column offset=\u00bbvc_col-lg-6 vc_col-md-6 vc_col-xs-12&#8243;][vc_single_image image=\u00bb405&#8243; img_size=\u00bbfull\u00bb alignment=\u00bbcenter\u00bb][\/vc_column][vc_column offset=\u00bbvc_col-lg-6 vc_col-md-6 vc_col-xs-12&#8243;][\/vc_column][\/vc_row]<\/p>\n","protected":false},"author":1,"featured_media":404,"parent":0,"menu_order":0,"comment_status":"closed","ping_status":"closed","template":"","meta":{"footnotes":""},"class_list":["post-340","page","type-page","status-publish","has-post-thumbnail","hentry"],"_links":{"self":[{"href":"https:\/\/www.caracterstudio.com\/v1\/wp-json\/wp\/v2\/pages\/340","targetHints":{"allow":["GET"]}}],"collection":[{"href":"https:\/\/www.caracterstudio.com\/v1\/wp-json\/wp\/v2\/pages"}],"about":[{"href":"https:\/\/www.caracterstudio.com\/v1\/wp-json\/wp\/v2\/types\/page"}],"author":[{"embeddable":true,"href":"https:\/\/www.caracterstudio.com\/v1\/wp-json\/wp\/v2\/users\/1"}],"replies":[{"embeddable":true,"href":"https:\/\/www.caracterstudio.com\/v1\/wp-json\/wp\/v2\/comments?post=340"}],"version-history":[{"count":2,"href":"https:\/\/www.caracterstudio.com\/v1\/wp-json\/wp\/v2\/pages\/340\/revisions"}],"predecessor-version":[{"id":406,"href":"https:\/\/www.caracterstudio.com\/v1\/wp-json\/wp\/v2\/pages\/340\/revisions\/406"}],"wp:featuredmedia":[{"embeddable":true,"href":"https:\/\/www.caracterstudio.com\/v1\/wp-json\/wp\/v2\/media\/404"}],"wp:attachment":[{"href":"https:\/\/www.caracterstudio.com\/v1\/wp-json\/wp\/v2\/media?parent=340"}],"curies":[{"name":"wp","href":"https:\/\/api.w.org\/{rel}","templated":true}]}}