{"id":342,"date":"2017-08-02T05:49:23","date_gmt":"2017-08-02T05:49:23","guid":{"rendered":"http:\/\/www.caracterstudio.com\/v1\/?page_id=342"},"modified":"2017-08-09T10:11:32","modified_gmt":"2017-08-09T10:11:32","slug":"publicidad-digital-on-line","status":"publish","type":"page","link":"https:\/\/www.caracterstudio.com\/v1\/publicidad-digital-on-line\/","title":{"rendered":"Publicidad Digital (On-Line)"},"content":{"rendered":"<p>[vc_row container_class=\u00bbcontainer\u00bb css=\u00bb.vc_custom_1502262851568{padding-top: 60px !important;padding-bottom: 30px !important;}\u00bb][vc_column offset=\u00bbvc_col-lg-6 vc_col-md-6 vc_col-xs-12&#8243;]<div class=\"ts-section-title  vc_custom_1502264726800 text-left\" style=\"color:#737373\">\r\n\t\t\t\t<h2 style=\"color:#252525;font-size:30px;\">\u00bfQu\u00e9 es la publicidad digital?<\/h2><p>La publicidad es una forma de comunicaci\u00f3n cuyo fin es propiciar el consumo de un determinado producto o servicio, la cual se realiza a trav\u00e9s de los distintos medios de comunicaci\u00f3n.<\/p>\n<p>Cuando extrapolamos la publicidad al entorno digital estamos aplicando las herramientas publicitarias en los nuevos medios de comunicaci\u00f3n aprovechando los nuevos formatos como publicidad en buscadores, banners, rich media ads, microsites, etc., potenciados adem\u00e1s por la gran capacidad de segmentaci\u00f3n que ofrece Internet gracias a la web 2.0<\/p>\n<p>Un paso m\u00e1s all\u00e1 es el Blended Marketing, el cual consiste en el uso de los soportes publicitarios tradicionales y digitales, de forma combinada, alineando la estrategia de marketing de su empresa, para garantizar un mayor impacto de sus campa\u00f1as. Las acciones de Blended Marketing consiguen aumentar en un 18% el recuerdo de marca.<\/p>\n<\/div>[\/vc_column][vc_column offset=\u00bbvc_col-lg-6 vc_col-md-6 vc_col-xs-12&#8243;][vc_single_image image=\u00bb408&#8243; img_size=\u00bbfull\u00bb alignment=\u00bbcenter\u00bb][\/vc_column][\/vc_row][vc_row container_class=\u00bbcontainer\u00bb color_overlay=\u00bbrgba(0,0,0,0.82)\u00bb css=\u00bb.vc_custom_1502273483024{margin-bottom: 0px !important;padding-top: 80px !important;padding-bottom: 120px !important;background-image: url(http:\/\/www.caracterstudio.com\/wp-content\/uploads\/2017\/08\/publicidad-digital.jpg?id=407) !important;}\u00bb][vc_column][vc_row_inner css=\u00bb.vc_custom_1502260020385{margin-bottom: 0px !important;}\u00bb][vc_column_inner width=\u00bb1\/2&#8243;]<div class=\"ts-feature-item-style2 left\">\r\n\t\t\t\t\t\t\t<div class=\"tile-feature\">\r\n\t\t\t\t\t\t\t\t<span class=\"icon-feature\" style=\"color:#fd4326;border:2px solid #fd4326\"><i class=\"fa fa-line-chart\"><\/i><\/span>\r\n\t\t\t\t\t\t\t\t<h2><a style=\"color:#ffffff;\" href=\"#\">\u00bfQu\u00e9 podemos hacer por su negocio?<\/a><\/h2>\r\n\t\t\t\t\t\t\t<\/div>\r\n\t\t\t\t\t\t\t<div class=\"info-feature\"><\/p>\n<ul>\n<li><span style=\"color: #c9c9c9;\">Aumentar el recuerdo de su marca en el mercado.<\/span><\/li>\n<li><span style=\"color: #c9c9c9;\">Incrementar las ventas de sus productos o servicios.<\/span><\/li>\n<li><span style=\"color: #c9c9c9;\">Conseguir tr\u00e1fico hacia su p\u00e1gina web.<\/span><\/li>\n<li><span style=\"color: #c9c9c9;\">Combinar nuevas herramientas digitales con las tradicionales para aumentar la efectividad.<\/span><\/li>\n<li><span style=\"color: #c9c9c9;\">Dirigir su campa\u00f1a directamente a aquellos que les pueda interesar (segmentaci\u00f3n), aumentando la efectividad y abaratando costes.<\/span><\/li>\n<\/ul>\n<p>\n<\/div>\r\n\t\t\t\t\t\t<\/div>[\/vc_column_inner][vc_column_inner width=\u00bb1\/2&#8243;]<div class=\"ts-feature-item-style2 left\">\r\n\t\t\t\t\t\t\t<div class=\"tile-feature\">\r\n\t\t\t\t\t\t\t\t<span class=\"icon-feature\" style=\"color:#fd4326;border:2px solid #fd4326\"><i class=\"fa fa-pie-chart\"><\/i><\/span>\r\n\t\t\t\t\t\t\t\t<h2><a style=\"color:#ffffff;\" href=\"#\">\u00bfPor qu\u00e9 contratar publicidad digital?<\/a><\/h2>\r\n\t\t\t\t\t\t\t<\/div>\r\n\t\t\t\t\t\t\t<div class=\"info-feature\"><\/p>\n<ul>\n<li><span style=\"color: #d1d1d1;\">Segmentar de forma m\u00e1s precisa a sus potenciales clientes y abaratar costes.<\/span><\/li>\n<li><span style=\"color: #d1d1d1;\">Mejorar la efectividad de sus impactos realizando anuncios interactivos.<\/span><\/li>\n<li><span style=\"color: #d1d1d1;\">Incrementar los impactos de su campa\u00f1a mediante viralidad.<\/span><\/li>\n<li><span style=\"color: #d1d1d1;\">Atraer visitas a su p\u00e1gina web directamente que se conviertan en clientes.<\/span><\/li>\n<li><span style=\"color: #d1d1d1;\">Conseguir la participaci\u00f3n del usuario mediante campa\u00f1as din\u00e1micas.<\/span><\/li>\n<li><span style=\"color: #d1d1d1;\">Conseguir feedback con los clientes o potenciales.<\/span><\/li>\n<\/ul>\n<p>\n<\/div>\r\n\t\t\t\t\t\t<\/div>[\/vc_column_inner][\/vc_row_inner][\/vc_column][\/vc_row][vc_row container_class=\u00bbcontainer\u00bb css=\u00bb.vc_custom_1502265418206{padding-top: 60px !important;padding-bottom: 60px !important;}\u00bb][vc_column]<div class=\"ts-section-title  text-center\" style=\"color:#737373\">\r\n\t\t\t\t<h2 style=\"color:#252525;font-size:30px;\">Servicios<\/h2><\/div>[vc_row_inner][vc_column_inner width=\u00bb1\/3&#8243;]<div class=\"ts-feature-item-style2 left\">\r\n\t\t\t\t\t\t\t<div class=\"tile-feature\">\r\n\t\t\t\t\t\t\t\t<span class=\"icon-feature\" style=\"color:#4774b8;border:2px solid #4774b8\"><i class=\"fa fa-angle-double-right\"><\/i><\/span>\r\n\t\t\t\t\t\t\t\t<h2><a style=\"color:#4774b8;\" href=\"#\">Publicidad en buscadores (SEM)<\/a><\/h2>\r\n\t\t\t\t\t\t\t<\/div>\r\n\t\t\t\t\t\t\t<div class=\"info-feature\"><p>Generaci\u00f3n de campa\u00f1as para atraer tr\u00e1fico a su p\u00e1gina web en los principales buscadores.<\/p>\n<\/div>\r\n\t\t\t\t\t\t<\/div><div class=\"ts-feature-item-style2 left\">\r\n\t\t\t\t\t\t\t<div class=\"tile-feature\">\r\n\t\t\t\t\t\t\t\t<span class=\"icon-feature\" style=\"color:#4774b8;border:2px solid #4774b8\"><i class=\"fa fa-angle-double-right\"><\/i><\/span>\r\n\t\t\t\t\t\t\t\t<h2><a style=\"color:#4774b8;\" href=\"#\">Blended Marketing<\/a><\/h2>\r\n\t\t\t\t\t\t\t<\/div>\r\n\t\t\t\t\t\t\t<div class=\"info-feature\"><p>Generaci\u00f3n de campa\u00f1as publicitarias que combinan formatos tradicionales y formatos on-line para aumentar el impacto de la campa\u00f1a.<\/p>\n<\/div>\r\n\t\t\t\t\t\t<\/div>[\/vc_column_inner][vc_column_inner width=\u00bb1\/3&#8243;]<div class=\"ts-feature-item-style2 left\">\r\n\t\t\t\t\t\t\t<div class=\"tile-feature\">\r\n\t\t\t\t\t\t\t\t<span class=\"icon-feature\" style=\"color:#4774b8;border:2px solid #4774b8\"><i class=\"fa fa-angle-double-right\"><\/i><\/span>\r\n\t\t\t\t\t\t\t\t<h2><a style=\"color:#4774b8;\" href=\"#\">Publicidad en redes sociales<\/a><\/h2>\r\n\t\t\t\t\t\t\t<\/div>\r\n\t\t\t\t\t\t\t<div class=\"info-feature\"><p>Generaci\u00f3n de campa\u00f1as en redes sociales para atraer tr\u00e1fico a su web, incremento del branding, generaci\u00f3n de redes de clientes, etc.<\/p>\n<\/div>\r\n\t\t\t\t\t\t<\/div><div class=\"ts-feature-item-style2 left\">\r\n\t\t\t\t\t\t\t<div class=\"tile-feature\">\r\n\t\t\t\t\t\t\t\t<span class=\"icon-feature\" style=\"color:#4774b8;border:2px solid #4774b8\"><i class=\"fa fa-angle-double-right\"><\/i><\/span>\r\n\t\t\t\t\t\t\t\t<h2><a style=\"color:#4774b8;\" href=\"#\">E-mail Marketing (Env\u00edos Masivos)<\/a><\/h2>\r\n\t\t\t\t\t\t\t<\/div>\r\n\t\t\t\t\t\t\t<div class=\"info-feature\"><p>Es lo m\u00e1s parecido a un volanteo, con la gran diferencia de que usted no tiene que gastar en impresi\u00f3n, obstrucci\u00f3n al transito, ni en personal que tenga que repartir. Actualmente contamos con m\u00e1s de 10 mil usuarios paname\u00f1os registrados que han aceptado previamente recibir publicidad en sus correos electr\u00f3nicos.<\/p>\n<\/div>\r\n\t\t\t\t\t\t<\/div>[\/vc_column_inner][vc_column_inner width=\u00bb1\/3&#8243;]<div class=\"ts-feature-item-style2 left\">\r\n\t\t\t\t\t\t\t<div class=\"tile-feature\">\r\n\t\t\t\t\t\t\t\t<span class=\"icon-feature\" style=\"color:#4774b8;border:2px solid #4774b8\"><i class=\"fa fa-angle-double-right\"><\/i><\/span>\r\n\t\t\t\t\t\t\t\t<h2><a style=\"color:#4774b8;\" href=\"#\">Publicidad on-line<\/a><\/h2>\r\n\t\t\t\t\t\t\t<\/div>\r\n\t\t\t\t\t\t\t<div class=\"info-feature\"><p>Generaci\u00f3n de campa\u00f1as en medios on-line: peri\u00f3dicos digitales, portales tem\u00e1ticos, etc. utilizando para ello desde formatos digitales on-line hasta microsites.<\/p>\n<\/div>\r\n\t\t\t\t\t\t<\/div>[\/vc_column_inner][\/vc_row_inner][\/vc_column][\/vc_row]<\/p>\n","protected":false},"excerpt":{"rendered":"<p>[vc_row container_class=\u00bbcontainer\u00bb css=\u00bb.vc_custom_1502262851568{padding-top: 60px !important;padding-bottom: 30px !important;}\u00bb][vc_column offset=\u00bbvc_col-lg-6 vc_col-md-6 vc_col-xs-12&#8243;][\/vc_column][vc_column offset=\u00bbvc_col-lg-6 vc_col-md-6 vc_col-xs-12&#8243;][vc_single_image image=\u00bb408&#8243; img_size=\u00bbfull\u00bb alignment=\u00bbcenter\u00bb][\/vc_column][\/vc_row][vc_row container_class=\u00bbcontainer\u00bb color_overlay=\u00bbrgba(0,0,0,0.82)\u00bb css=\u00bb.vc_custom_1502273483024{margin-bottom: 0px !important;padding-top: 80px !important;padding-bottom: 120px !important;background-image: url(http:\/\/www.caracterstudio.com\/wp-content\/uploads\/2017\/08\/publicidad-digital.jpg?id=407) !important;}\u00bb][vc_column][vc_row_inner css=\u00bb.vc_custom_1502260020385{margin-bottom: 0px !important;}\u00bb][vc_column_inner width=\u00bb1\/2&#8243;][\/vc_column_inner][vc_column_inner width=\u00bb1\/2&#8243;][\/vc_column_inner][\/vc_row_inner][\/vc_column][\/vc_row][vc_row container_class=\u00bbcontainer\u00bb css=\u00bb.vc_custom_1502265418206{padding-top: 60px !important;padding-bottom: 60px !important;}\u00bb][vc_column][vc_row_inner][vc_column_inner width=\u00bb1\/3&#8243;][\/vc_column_inner][vc_column_inner width=\u00bb1\/3&#8243;][\/vc_column_inner][vc_column_inner width=\u00bb1\/3&#8243;][\/vc_column_inner][\/vc_row_inner][\/vc_column][\/vc_row]<\/p>\n","protected":false},"author":1,"featured_media":407,"parent":0,"menu_order":0,"comment_status":"closed","ping_status":"closed","template":"templates\/fullwidth-template.php","meta":{"footnotes":""},"class_list":["post-342","page","type-page","status-publish","has-post-thumbnail","hentry"],"_links":{"self":[{"href":"https:\/\/www.caracterstudio.com\/v1\/wp-json\/wp\/v2\/pages\/342","targetHints":{"allow":["GET"]}}],"collection":[{"href":"https:\/\/www.caracterstudio.com\/v1\/wp-json\/wp\/v2\/pages"}],"about":[{"href":"https:\/\/www.caracterstudio.com\/v1\/wp-json\/wp\/v2\/types\/page"}],"author":[{"embeddable":true,"href":"https:\/\/www.caracterstudio.com\/v1\/wp-json\/wp\/v2\/users\/1"}],"replies":[{"embeddable":true,"href":"https:\/\/www.caracterstudio.com\/v1\/wp-json\/wp\/v2\/comments?post=342"}],"version-history":[{"count":27,"href":"https:\/\/www.caracterstudio.com\/v1\/wp-json\/wp\/v2\/pages\/342\/revisions"}],"predecessor-version":[{"id":515,"href":"https:\/\/www.caracterstudio.com\/v1\/wp-json\/wp\/v2\/pages\/342\/revisions\/515"}],"wp:featuredmedia":[{"embeddable":true,"href":"https:\/\/www.caracterstudio.com\/v1\/wp-json\/wp\/v2\/media\/407"}],"wp:attachment":[{"href":"https:\/\/www.caracterstudio.com\/v1\/wp-json\/wp\/v2\/media?parent=342"}],"curies":[{"name":"wp","href":"https:\/\/api.w.org\/{rel}","templated":true}]}}